{"id":19,"date":"2019-09-04T14:57:03","date_gmt":"2019-09-04T14:57:03","guid":{"rendered":"https:\/\/nikkib.clicetcom.fr\/?p=19"},"modified":"2022-06-30T12:18:55","modified_gmt":"2022-06-30T12:18:55","slug":"services","status":"publish","type":"page","link":"https:\/\/nikkib.clicetcom.fr\/?page_id=19","title":{"rendered":"Services"},"content":{"rendered":"<h1>SERVICES<\/h1>\n<ul>\n<li>\n<p>        <img decoding=\"async\" src=\"\/wp-content\/uploads\/2022\/06\/pexels-lukas-590037-scaled.jpg\" alt=\"\"><\/p>\n<h2>Etude de faisabilit\u00e9<\/h2>\n<div>\n<ul class=\"uk-list uk-list-disc uk-list-primary\">\n<li>Recherche<\/li>\n<li>Rencontre<\/li>\n<li>\u00c9tude qui permet de v\u00e9rifier que le projet soit techniquement et \u00e9conomiquement viable.<\/li>\n<li>R\u00e9activit\u00e9<\/li>\n<\/ul>\n<\/div>\n<\/li>\n<li>\n<p>        <img decoding=\"async\" src=\"\/wp-content\/uploads\/2022\/06\/pexels-oleksandr-pidvalnyi-2646033-scaled.jpg\" alt=\"\"><\/p>\n<h2>Autorisations <\/p>\n<\/h2>\n<div>\n<ul class=\"uk-list uk-list-disc uk-list-primary\">\n<li>Demande de permis de construire, de demande pr\u00e9alable &#8230;<\/li>\n<li>Respect des r\u00e8gles d&rsquo;urbanisme\u00a0<\/li>\n<\/ul>\n<\/div>\n<\/li>\n<li>\n<p>        <img decoding=\"async\" src=\"\/wp-content\/uploads\/2022\/06\/pexels-mael-balland-3195784-scaled.jpg\" alt=\"\"><\/p>\n<h2>Conception d\u00e9taill\u00e9e<\/h2>\n<div>\n<ul class=\"uk-list uk-list-disc uk-list-primary\">\n<li>Descriptif du projet, choix des mat\u00e9riaux&#8230;<\/li>\n<li>Qualit\u00e9 des devis<\/li>\n<li>Transparence des co\u00fbts<\/li>\n<\/ul>\n<\/div>\n<\/li>\n<li>\n<p>        <img decoding=\"async\" src=\"\/wp-content\/uploads\/2022\/06\/pexels-vlada-karpovich-4050300-scaled.jpg\" alt=\"\"><\/p>\n<h2>Planification <\/h2>\n<div>\n<ul class=\"uk-list uk-list-disc uk-list-primary\">\n<li>Planification des travaux\u00a0<\/li>\n<li>Respect des d\u00e9lais<\/li>\n<\/ul>\n<\/div>\n<\/li>\n<li>\n<p>        <img decoding=\"async\" src=\"\/wp-content\/uploads\/2022\/06\/pexels-sora-shimazaki-5668841-scaled.jpg\" alt=\"\"><\/p>\n<h2>Suivi de chantier <\/h2>\n<div>\n<ul class=\"uk-list uk-list-disc uk-list-primary\">\n<li>R\u00e9unions de chantier, planification, r\u00e9alisation de compte rendu&#8230;<\/li>\n<li>Propret\u00e9 du chantier<\/li>\n<li>Respect du voisinage<\/li>\n<li>V\u00e9rification juridique et administrative des entreprises (Kbis, assurances, qualit\u00e9 des r\u00e9alisation)<\/li>\n<\/ul>\n<\/div>\n<\/li>\n<li>\n<p>        <img decoding=\"async\" src=\"\/wp-content\/uploads\/2022\/06\/pexels-oleksandr-pidvalnyi-7599735-scaled.jpg\" alt=\"\"><\/p>\n<h2>Livraison<\/h2>\n<div>\n<ul class=\"uk-list uk-list-disc uk-list-primary\">\n<li>Respect du budget<\/li>\n<li>R\u00e9ception de chantier<\/li>\n<li>PV de r\u00e9ception avec ou sans r\u00e9serve<\/li>\n<li>Qualit\u00e9 de finition<\/li>\n<\/ul>\n<\/div>\n<\/li>\n<\/ul>\n<hr>\n<h1>Projets<\/h1>\n<div>En France et ailleurs, \u00e0 petite et \u00e0 grande \u00e9chelle&#8230;<\/div>\n<ul>\n<li>\n<h3>ARCHITECTURE ET DEVELOPPEMENT DURABLE <\/h3>\n<div>R\u00e9habilitations \/ Transformations \/ Changements d\u2019affectations \/ Logements neufs \/ \u00c9quipements publics \u2026<\/div>\n<\/li>\n<li>\n<h3>AMENAGEMENT PAYSAGE ET ENVIRONNEMENT <br \/><\/h3>\n<div>Am\u00e9nagements urbains et paysagers \u2026<\/div>\n<\/li>\n<li>\n<h3>URBANISME <\/p>\n<\/h3>\n<div>Planification \/ \u00c9tudes de faisabilit\u00e9 \/ \u00c9tude de programmation \u2026<\/div>\n<\/li>\n<\/ul>\n<p><!--more--><br \/>\n<!-- {\"type\":\"layout\",\"children\":[{\"type\":\"section\",\"props\":{\"style\":\"default\",\"width\":\"default\",\"vertical_align\":\"middle\",\"title_position\":\"top-left\",\"title_rotation\":\"left\",\"title_breakpoint\":\"xl\",\"image_position\":\"bottom-center\",\"image\":\"wp-content\\\/uploads\\\/2022\\\/06\\\/PRE\\u0301STATION2.svg\",\"image_size\":\"contain\",\"media_overlay\":\"rgba(255, 255, 255, 0)\",\"image_effect\":\"fixed\",\"image_parallax_bgy_end\":\"2200\",\"image_parallax_bgy_start\":\"0\"},\"children\":[{\"type\":\"row\",\"children\":[{\"type\":\"column\",\"props\":{\"position_sticky_breakpoint\":\"m\",\"image_position\":\"center-center\",\"media_overlay_gradient\":\"\"},\"children\":[{\"type\":\"headline\",\"props\":{\"title_element\":\"h1\",\"content\":\"SERVICES\",\"title_style\":\"heading-medium\",\"text_align\":\"center\"}},{\"name\":\"Grid Tile Checked\",\"type\":\"grid\",\"children\":[{\"type\":\"grid_item\",\"props\":{\"title\":\"Etude de faisabilit\\u00e9\",\"content\":\"\n\n<ul class=\\\"uk-list uk-list-disc uk-list-primary\\\">\\n\n\n<li>Recherche<\\\/li>\\n\n\n<li>Rencontre<\\\/li>\\n\n\n<li>\\u00c9tude qui permet de v\\u00e9rifier que le projet soit techniquement et \\u00e9conomiquement viable.<\\\/li>\\n\n\n<li>R\\u00e9activit\\u00e9<\\\/li>\\n<\\\/ul>\",\"image\":\"wp-content\\\/uploads\\\/2022\\\/06\\\/pexels-lukas-590037-scaled.jpg\",\"link\":\"\",\"link_text\":\"\"}},{\"type\":\"grid_item\",\"props\":{\"title\":\"Autorisations \n\n\",\"content\":\"\n\n<ul class=\\\"uk-list uk-list-disc uk-list-primary\\\">\\n\n\n<li>Demande de permis de construire, de demande pr\\u00e9alable ...<\\\/li>\\n\n\n<li>Respect des r\\u00e8gles d'urbanisme\\u00a0<\\\/li>\\n<\\\/ul>\",\"image\":\"wp-content\\\/uploads\\\/2022\\\/06\\\/pexels-oleksandr-pidvalnyi-2646033-scaled.jpg\",\"link\":\"\",\"link_text\":\"\"}},{\"type\":\"grid_item\",\"props\":{\"title\":\"Conception d\\u00e9taill\\u00e9e\",\"content\":\"\n\n<ul class=\\\"uk-list uk-list-disc uk-list-primary\\\">\\n\n\n<li>Descriptif du projet, choix des mat\\u00e9riaux...<\\\/li>\\n\n\n<li>Qualit\\u00e9 des devis<\\\/li>\\n\n\n<li>Transparence des co\\u00fbts<\\\/li>\\n<\\\/ul>\",\"image\":\"wp-content\\\/uploads\\\/2022\\\/06\\\/pexels-mael-balland-3195784-scaled.jpg\",\"link\":\"\",\"link_text\":\"\"}},{\"type\":\"grid_item\",\"props\":{\"title\":\"Planification \",\"content\":\"\n\n<ul class=\\\"uk-list uk-list-disc uk-list-primary\\\">\\n\n\n<li>Planification des travaux\\u00a0<\\\/li>\\n\n\n<li>Respect des d\\u00e9lais<\\\/li>\\n<\\\/ul>\",\"image\":\"wp-content\\\/uploads\\\/2022\\\/06\\\/pexels-vlada-karpovich-4050300-scaled.jpg\",\"link\":\"\",\"link_text\":\"\"}},{\"type\":\"grid_item\",\"props\":{\"title\":\"Suivi de chantier \",\"content\":\"\n\n<ul class=\\\"uk-list uk-list-disc uk-list-primary\\\">\\n\n\n<li>R\\u00e9unions de chantier, planification, r\\u00e9alisation de compte rendu...<\\\/li>\\n\n\n<li>Propret\\u00e9 du chantier<\\\/li>\\n\n\n<li>Respect du voisinage<\\\/li>\\n\n\n<li>V\\u00e9rification juridique et administrative des entreprises (Kbis, assurances, qualit\\u00e9 des r\\u00e9alisation)<\\\/li>\\n<\\\/ul>\",\"image\":\"wp-content\\\/uploads\\\/2022\\\/06\\\/pexels-sora-shimazaki-5668841-scaled.jpg\",\"link\":\"\",\"link_text\":\"\"}},{\"type\":\"grid_item\",\"props\":{\"title\":\"Livraison\",\"content\":\"\n\n<ul class=\\\"uk-list uk-list-disc uk-list-primary\\\">\\n\n\n<li>Respect du budget<\\\/li>\\n\n\n<li>R\\u00e9ception de chantier<\\\/li>\\n\n\n<li>PV de r\\u00e9ception avec ou sans r\\u00e9serve<\\\/li>\\n\n\n<li>Qualit\\u00e9 de finition<\\\/li>\\n<\\\/ul>\",\"image\":\"wp-content\\\/uploads\\\/2022\\\/06\\\/pexels-oleksandr-pidvalnyi-7599735-scaled.jpg\",\"link\":\"\",\"link_text\":\"\"}}],\"props\":{\"show_title\":true,\"show_meta\":true,\"show_content\":true,\"show_image\":true,\"show_link\":true,\"grid_default\":\"1\",\"grid_medium\":\"3\",\"filter_style\":\"tab\",\"filter_all\":true,\"filter_position\":\"top\",\"filter_align\":\"left\",\"filter_grid_width\":\"auto\",\"filter_grid_breakpoint\":\"m\",\"title_hover_style\":\"reset\",\"title_element\":\"h2\",\"title_align\":\"top\",\"title_grid_width\":\"1-2\",\"title_grid_breakpoint\":\"m\",\"meta_style\":\"meta\",\"meta_align\":\"below-title\",\"meta_element\":\"div\",\"content_column_breakpoint\":\"m\",\"icon_width\":80,\"image_align\":\"top\",\"image_grid_width\":\"1-2\",\"image_grid_breakpoint\":\"m\",\"image_svg_color\":\"emphasis\",\"link_text\":\"<span uk-icon=\\\"icon: arrow-right; ratio: 1.4\\\"><\\\/span>\",\"link_style\":\"default\",\"margin\":\"remove-vertical\",\"item_animation\":true,\"link_margin\":\"medium\",\"panel_padding\":\"large\",\"grid_column_gap\":\"collapse\",\"grid_row_gap\":\"collapse\",\"position\":\"relative\",\"position_z_index\":\"1\",\"panel_link\":true,\"panel_style\":\"tile-checked\",\"image_svg_inline\":true,\"id\":\"grid-tile-checked\",\"image_width\":\"500\",\"image_height\":\"400\",\"title_style\":\"h3\",\"grid_small\":\"2\",\"text_align\":\"left\",\"panel_image_no_padding\":true}},{\"type\":\"divider\",\"props\":{\"divider_element\":\"hr\"}}]}]},{\"type\":\"row\",\"children\":[{\"type\":\"column\",\"props\":{\"position_sticky_breakpoint\":\"m\",\"image_position\":\"center-center\",\"media_overlay_gradient\":\"\",\"width_medium\":\"\",\"vertical_align\":\"middle\"},\"children\":[{\"type\":\"headline\",\"props\":{\"title_element\":\"h1\",\"content\":\"Projets\",\"title_style\":\"heading-medium\",\"text_align\":\"center\"}},{\"type\":\"headline\",\"props\":{\"title_element\":\"div\",\"title_style\":\"h2\",\"content\":\"En France et ailleurs, \\u00e0 petite et \\u00e0 grande \\u00e9chelle...\",\"title_color\":\"emphasis\",\"text_align\":\"center\"}},{\"type\":\"grid\",\"props\":{\"show_title\":true,\"show_meta\":true,\"show_content\":true,\"show_image\":true,\"show_link\":true,\"grid_default\":\"1\",\"grid_medium\":\"3\",\"filter_style\":\"tab\",\"filter_all\":true,\"filter_position\":\"top\",\"filter_align\":\"left\",\"filter_grid_width\":\"auto\",\"filter_grid_breakpoint\":\"m\",\"title_hover_style\":\"reset\",\"title_element\":\"h3\",\"title_align\":\"top\",\"title_grid_width\":\"1-2\",\"title_grid_breakpoint\":\"m\",\"meta_style\":\"meta\",\"meta_align\":\"below-title\",\"meta_element\":\"div\",\"content_column_breakpoint\":\"m\",\"icon_width\":80,\"image_align\":\"top\",\"image_grid_width\":\"1-2\",\"image_grid_breakpoint\":\"m\",\"image_svg_color\":\"emphasis\",\"link_text\":\"Read more\",\"link_style\":\"default\",\"margin\":\"default\",\"item_animation\":true,\"panel_style\":\"card-default\",\"panel_padding\":\"small\",\"title_color\":\"primary\",\"text_align\":\"center\"},\"children\":[{\"type\":\"grid_item\",\"props\":{\"title\":\"ARCHITECTURE ET DEVELOPPEMENT DURABLE \",\"content\":\"R\\u00e9habilitations \\\/ Transformations \\\/ Changements d\\u2019affectations \\\/ Logements neufs \\\/ \\u00c9quipements publics \\u2026\"}},{\"type\":\"grid_item\",\"props\":{\"title\":\"AMENAGEMENT PAYSAGE ET ENVIRONNEMENT <br \/>\",\"content\":\"Am\\u00e9nagements urbains et paysagers \\u2026\"}},{\"type\":\"grid_item\",\"props\":{\"title\":\"URBANISME \n\n\",\"content\":\"Planification \\\/ \\u00c9tudes de faisabilit\\u00e9 \\\/ \\u00c9tude de programmation \\u2026\"}}]}]}]}]}],\"version\":\"2.7.22\"} --><\/p>\n","protected":false},"excerpt":{"rendered":"<p>SERVICES Etude de faisabilit\u00e9 Recherche Rencontre \u00c9tude qui permet de v\u00e9rifier que le projet soit techniquement et \u00e9conomiquement viable. R\u00e9activit\u00e9 Autorisations Demande de permis de construire, de demande pr\u00e9alable &#8230; Respect des r\u00e8gles d&rsquo;urbanisme\u00a0 Conception d\u00e9taill\u00e9e Descriptif du projet, choix des mat\u00e9riaux&#8230; Qualit\u00e9 des devis Transparence des co\u00fbts Planification Planification des travaux\u00a0 Respect des d\u00e9lais [&hellip;]<\/p>\n","protected":false},"author":1,"featured_media":0,"parent":0,"menu_order":4,"comment_status":"open","ping_status":"closed","template":"","meta":{"footnotes":""},"class_list":["post-19","page","type-page","status-publish","hentry"],"acf":[],"_links":{"self":[{"href":"https:\/\/nikkib.clicetcom.fr\/index.php?rest_route=\/wp\/v2\/pages\/19","targetHints":{"allow":["GET"]}}],"collection":[{"href":"https:\/\/nikkib.clicetcom.fr\/index.php?rest_route=\/wp\/v2\/pages"}],"about":[{"href":"https:\/\/nikkib.clicetcom.fr\/index.php?rest_route=\/wp\/v2\/types\/page"}],"author":[{"embeddable":true,"href":"https:\/\/nikkib.clicetcom.fr\/index.php?rest_route=\/wp\/v2\/users\/1"}],"replies":[{"embeddable":true,"href":"https:\/\/nikkib.clicetcom.fr\/index.php?rest_route=%2Fwp%2Fv2%2Fcomments&post=19"}],"version-history":[{"count":34,"href":"https:\/\/nikkib.clicetcom.fr\/index.php?rest_route=\/wp\/v2\/pages\/19\/revisions"}],"predecessor-version":[{"id":1637,"href":"https:\/\/nikkib.clicetcom.fr\/index.php?rest_route=\/wp\/v2\/pages\/19\/revisions\/1637"}],"wp:attachment":[{"href":"https:\/\/nikkib.clicetcom.fr\/index.php?rest_route=%2Fwp%2Fv2%2Fmedia&parent=19"}],"curies":[{"name":"wp","href":"https:\/\/api.w.org\/{rel}","templated":true}]}}