{"id":20,"date":"2019-09-04T14:57:03","date_gmt":"2019-09-04T14:57:03","guid":{"rendered":"https:\/\/nikkib.clicetcom.fr\/?p=20"},"modified":"2022-06-30T12:18:27","modified_gmt":"2022-06-30T12:18:27","slug":"formations","status":"publish","type":"page","link":"https:\/\/nikkib.clicetcom.fr\/?page_id=20","title":{"rendered":"Formations"},"content":{"rendered":"<h1>\u00c0 PROPOS<\/h1>\n<p><img decoding=\"async\" src=\"\/wp-content\/uploads\/2022\/06\/NIKKI-BEUNEICHE-02.jpeg\" alt=\"\"><\/p>\n<h1>MES FORMATIONS<\/h1>\n<ul>\n<li>\n<div><span class=\"uk-text-primary uk-text-bold\">Dipl\u00f4me Architecte HMONP<\/span> (habilitation \u00e0 la maitrise d\u2019oeuvre en son nom propre) Ecole Nationale sup\u00e9rieure Paris Malaquais<\/div>\n<\/li>\n<li>\n<div><span class=\"uk-text-primary uk-text-bold\"> Diplome de Camondo<\/span> (\u00e9cole d\u2019architecture d\u2019int\u00e9rieur et de design sur Paris)<\/div>\n<\/li>\n<li>\n<div> <span class=\"uk-text-primary uk-text-bold\">Diplome d\u2019architecte DE<\/span> Ecole Nationale sup\u00e9rieure Paris Malaquais\n<\/div>\n<\/li>\n<\/ul>\n<ul>\n<li>\n<div><span class=\"uk-text-primary uk-text-bold\">Jury de concours<\/span>  \u2013 formateur agr\u00e9e FORM\u2019A<\/div>\n<\/li>\n<li>\n<div><span class=\"uk-text-primary uk-text-bold\">S\u00e9curit\u00e9 incendie dans les b\u00e2timents scolaires et les ERP<\/span>  \u2013 formateur agr\u00e9e FORM\u2019A<\/div>\n<\/li>\n<li>\n<div><span class=\"uk-text-primary uk-text-bold\">L\u2019amiante et le plomb<\/span>  \u2013 formateur agr\u00e9e FORM\u2019A<\/div>\n<\/li>\n<li>\n<div><span class=\"uk-text-primary uk-text-bold\">Construire des \u00e9tablissements recevant du public (ERP) accessibles aux personnes handicap\u00e9es<\/span>  \u2013 formateur agr\u00e9e FORM\u2019A<\/div>\n<\/li>\n<li>\n<div><span class=\"uk-text-primary uk-text-bold\">RE2020 vers le BEPOS, le label E+C<\/span>  \u2013 formateur agr\u00e9e QUALITEL FORMATION 2019<\/div>\n<\/li>\n<li>\n<div><span class=\"uk-text-primary uk-text-bold\">Actualit\u00e9 du permis de construire en droit de l\u2019urbanisme<\/span>  \u2013 formateur agr\u00e9e FORM\u2019A<\/div>\n<\/li>\n<li>\n<div><span class=\"uk-text-primary uk-text-bold\">Missions et responsabilit\u00e9 OPC sur un chantier<\/span>  \u2013 formateur agr\u00e9e FORM\u2019A<\/div>\n<\/li>\n<li>\n<div><span class=\"uk-text-primary uk-text-bold\">Acoustique<\/span>  \u2013 formateur agr\u00e9e FORM\u2019A<\/div>\n<\/li>\n<li>\n<div><span class=\"uk-text-primary uk-text-bold\">Qualit\u00e9 environnementale des b\u00e2timents<\/span>  \u2013 formateur agr\u00e9e FORM\u2019A<\/div>\n<\/li>\n<\/ul>\n<p><!--more--><br \/>\n<!-- {\"type\":\"layout\",\"children\":[{\"type\":\"section\",\"props\":{\"style\":\"default\",\"width\":\"default\",\"vertical_align\":\"middle\",\"title_position\":\"top-left\",\"title_rotation\":\"left\",\"title_breakpoint\":\"xl\",\"image_position\":\"bottom-center\",\"image\":\"wp-content\\\/uploads\\\/2022\\\/06\\\/A\\u0300-PROPOS-2.svg\",\"image_size\":\"contain\",\"media_overlay\":\"rgba(255, 255, 255, 0)\",\"image_effect\":\"fixed\"},\"children\":[{\"type\":\"row\",\"children\":[{\"type\":\"column\",\"props\":{\"position_sticky_breakpoint\":\"m\",\"image_position\":\"center-right\",\"media_overlay_gradient\":\"\",\"image\":\"\",\"image_width\":\"200\"},\"children\":[{\"type\":\"headline\",\"props\":{\"title_element\":\"h1\",\"content\":\"\\u00c0 PROPOS\",\"title_style\":\"heading-medium\",\"text_align\":\"center\"}}]}]},{\"type\":\"row\",\"children\":[{\"type\":\"column\",\"props\":{\"position_sticky_breakpoint\":\"m\",\"image_position\":\"center-center\",\"media_overlay_gradient\":\"\"},\"children\":[{\"type\":\"image\",\"props\":{\"margin\":\"default\",\"image_svg_color\":\"emphasis\",\"image\":\"wp-content\\\/uploads\\\/2022\\\/06\\\/NIKKI-BEUNEICHE-02.jpeg\",\"image_border\":\"pill\",\"text_align\":\"center\",\"image_width\":\"400\"}},{\"type\":\"headline\",\"props\":{\"title_element\":\"h1\",\"content\":\"MES FORMATIONS\",\"title_style\":\"h3\",\"text_align\":\"center\"}}]}]},{\"type\":\"row\",\"props\":{\"layout\":\"1-2,1-2\"},\"children\":[{\"type\":\"column\",\"props\":{\"position_sticky_breakpoint\":\"m\",\"image_position\":\"center-center\",\"media_overlay_gradient\":\"\",\"width_medium\":\"1-2\"},\"children\":[{\"type\":\"list\",\"props\":{\"show_image\":true,\"show_link\":true,\"list_type\":\"vertical\",\"list_element\":\"ul\",\"list_horizontal_separator\":\", \",\"column_breakpoint\":\"m\",\"image_svg_color\":\"emphasis\",\"image_align\":\"left\",\"image_vertical_align\":false,\"icon\":\"triangle-right\",\"icon_color\":\"primary\"},\"children\":[{\"type\":\"list_item\",\"props\":{\"content\":\"<span class=\\\"uk-text-primary uk-text-bold\\\">Dipl\\u00f4me Architecte HMONP<\\\/span> (habilitation \\u00e0 la maitrise d\\u2019oeuvre en son nom propre) Ecole Nationale sup\\u00e9rieure Paris Malaquais\"}},{\"type\":\"list_item\",\"props\":{\"content\":\"<span class=\\\"uk-text-primary uk-text-bold\\\"> Diplome de Camondo<\\\/span> (\\u00e9cole d\\u2019architecture d\\u2019int\\u00e9rieur et de design sur Paris)\"}},{\"type\":\"list_item\",\"props\":{\"content\":\" <span class=\\\"uk-text-primary uk-text-bold\\\">Diplome d\\u2019architecte DE<\\\/span> Ecole Nationale sup\\u00e9rieure Paris Malaquais\\n\"}}]}]},{\"type\":\"column\",\"props\":{\"position_sticky_breakpoint\":\"m\",\"image_position\":\"center-center\",\"media_overlay_gradient\":\"\",\"width_medium\":\"1-2\"},\"children\":[{\"type\":\"list\",\"props\":{\"show_image\":true,\"show_link\":true,\"list_type\":\"vertical\",\"list_element\":\"ul\",\"list_horizontal_separator\":\", \",\"column_breakpoint\":\"m\",\"image_svg_color\":\"emphasis\",\"image_align\":\"left\",\"image_vertical_align\":false,\"icon\":\"triangle-right\",\"icon_color\":\"primary\"},\"children\":[{\"type\":\"list_item\",\"props\":{\"content\":\"<span class=\\\"uk-text-primary uk-text-bold\\\">Jury de concours<\\\/span>  \\u2013 formateur agr\\u00e9e FORM\\u2019A\"}},{\"type\":\"list_item\",\"props\":{\"content\":\"<span class=\\\"uk-text-primary uk-text-bold\\\">S\\u00e9curit\\u00e9 incendie dans les b\\u00e2timents scolaires et les ERP<\\\/span>  \\u2013 formateur agr\\u00e9e FORM\\u2019A\"}},{\"type\":\"list_item\",\"props\":{\"content\":\"<span class=\\\"uk-text-primary uk-text-bold\\\">L\\u2019amiante et le plomb<\\\/span>  \\u2013 formateur agr\\u00e9e FORM\\u2019A\"}},{\"type\":\"list_item\",\"props\":{\"content\":\"<span class=\\\"uk-text-primary uk-text-bold\\\">Construire des \\u00e9tablissements recevant du public (ERP) accessibles aux personnes handicap\\u00e9es<\\\/span>  \\u2013 formateur agr\\u00e9e FORM\\u2019A\"}},{\"type\":\"list_item\",\"props\":{\"content\":\"<span class=\\\"uk-text-primary uk-text-bold\\\">RE2020 vers le BEPOS, le label E+C<\\\/span>  \\u2013 formateur agr\\u00e9e QUALITEL FORMATION 2019\"}},{\"type\":\"list_item\",\"props\":{\"content\":\"<span class=\\\"uk-text-primary uk-text-bold\\\">Actualit\\u00e9 du permis de construire en droit de l\\u2019urbanisme<\\\/span>  \\u2013 formateur agr\\u00e9e FORM\\u2019A\"}},{\"type\":\"list_item\",\"props\":{\"content\":\"<span class=\\\"uk-text-primary uk-text-bold\\\">Missions et responsabilit\\u00e9 OPC sur un chantier<\\\/span>  \\u2013 formateur agr\\u00e9e FORM\\u2019A\"}},{\"type\":\"list_item\",\"props\":{\"content\":\"<span class=\\\"uk-text-primary uk-text-bold\\\">Acoustique<\\\/span>  \\u2013 formateur agr\\u00e9e FORM\\u2019A\"}},{\"type\":\"list_item\",\"props\":{\"content\":\"<span class=\\\"uk-text-primary uk-text-bold\\\">Qualit\\u00e9 environnementale des b\\u00e2timents<\\\/span>  \\u2013 formateur agr\\u00e9e FORM\\u2019A\"}}]}]}]}]}],\"version\":\"2.7.22\"} --><\/p>\n","protected":false},"excerpt":{"rendered":"<p>\u00c0 PROPOS MES FORMATIONS Dipl\u00f4me Architecte HMONP (habilitation \u00e0 la maitrise d\u2019oeuvre en son nom propre) Ecole Nationale sup\u00e9rieure Paris Malaquais Diplome de Camondo (\u00e9cole d\u2019architecture d\u2019int\u00e9rieur et de design sur Paris) Diplome d\u2019architecte DE Ecole Nationale sup\u00e9rieure Paris Malaquais Jury de concours \u2013 formateur agr\u00e9e FORM\u2019A S\u00e9curit\u00e9 incendie dans les b\u00e2timents scolaires et les [&hellip;]<\/p>\n","protected":false},"author":1,"featured_media":0,"parent":0,"menu_order":3,"comment_status":"open","ping_status":"closed","template":"","meta":{"footnotes":""},"class_list":["post-20","page","type-page","status-publish","hentry"],"acf":[],"_links":{"self":[{"href":"https:\/\/nikkib.clicetcom.fr\/index.php?rest_route=\/wp\/v2\/pages\/20","targetHints":{"allow":["GET"]}}],"collection":[{"href":"https:\/\/nikkib.clicetcom.fr\/index.php?rest_route=\/wp\/v2\/pages"}],"about":[{"href":"https:\/\/nikkib.clicetcom.fr\/index.php?rest_route=\/wp\/v2\/types\/page"}],"author":[{"embeddable":true,"href":"https:\/\/nikkib.clicetcom.fr\/index.php?rest_route=\/wp\/v2\/users\/1"}],"replies":[{"embeddable":true,"href":"https:\/\/nikkib.clicetcom.fr\/index.php?rest_route=%2Fwp%2Fv2%2Fcomments&post=20"}],"version-history":[{"count":41,"href":"https:\/\/nikkib.clicetcom.fr\/index.php?rest_route=\/wp\/v2\/pages\/20\/revisions"}],"predecessor-version":[{"id":1635,"href":"https:\/\/nikkib.clicetcom.fr\/index.php?rest_route=\/wp\/v2\/pages\/20\/revisions\/1635"}],"wp:attachment":[{"href":"https:\/\/nikkib.clicetcom.fr\/index.php?rest_route=%2Fwp%2Fv2%2Fmedia&parent=20"}],"curies":[{"name":"wp","href":"https:\/\/api.w.org\/{rel}","templated":true}]}}